{"id":10817,"date":"2021-09-30T09:10:08","date_gmt":"2021-09-30T12:10:08","guid":{"rendered":"https:\/\/sala.uxper.co\/?page_id=10817"},"modified":"2024-06-06T10:06:40","modified_gmt":"2024-06-06T13:06:40","slug":"home-coworking","status":"publish","type":"page","link":"https:\/\/supermercadosimpacto.com.br\/","title":{"rendered":"Home Coworking"},"content":{"rendered":"<h3>AS MELHORES OFERTAS EST\u00c3O AQUI<\/h3>\n<h2>ARRAI\u00c1 DA ECONOMIA IMPACTO<\/h2>\n<h4>Aqui Voc\u00ea Economiza de Verdade!<\/h4>\n<p><a role=\"button\" href=\"#\"><br \/>\nNossas Lojas<br \/>\n<\/a><br \/>\n<img loading=\"lazy\" decoding=\"async\" class=\"alignnone  wp-image-18132\" src=\"http:\/\/supermercadosimpacto.com.br\/wp-content\/uploads\/2024\/06\/arraia-logo-site-1-300x300.png\" alt=\"\" width=\"514\" height=\"514\" srcset=\"https:\/\/supermercadosimpacto.com.br\/wp-content\/uploads\/2024\/06\/arraia-logo-site-1-300x300.png 300w, https:\/\/supermercadosimpacto.com.br\/wp-content\/uploads\/2024\/06\/arraia-logo-site-1-1024x1024.png 1024w, https:\/\/supermercadosimpacto.com.br\/wp-content\/uploads\/2024\/06\/arraia-logo-site-1-150x150.png 150w, https:\/\/supermercadosimpacto.com.br\/wp-content\/uploads\/2024\/06\/arraia-logo-site-1-768x768.png 768w, https:\/\/supermercadosimpacto.com.br\/wp-content\/uploads\/2024\/06\/arraia-logo-site-1-600x600.png 600w, https:\/\/supermercadosimpacto.com.br\/wp-content\/uploads\/2024\/06\/arraia-logo-site-1.png 1080w\" sizes=\"auto, (max-width: 514px) 100vw, 514px\" \/><\/p>\n<h2>Super Ofertas<br \/>\nQuarta do A\u00e7ougue e o Hortifruti<br \/>\nFinal de Semana de Ofertas Imbat\u00edveis<\/h2>\n<p><img loading=\"lazy\" decoding=\"async\" src=\"http:\/\/supermercadosimpacto.com.br\/wp-content\/uploads\/2022\/12\/oval-100.png\" sizes=\"auto, (max-width: 500px) 100vw, 500px\" srcset=\"https:\/\/supermercadosimpacto.com.br\/wp-content\/uploads\/2022\/12\/oval-100.png 500w, https:\/\/supermercadosimpacto.com.br\/wp-content\/uploads\/2022\/12\/oval-100-300x300.png 300w, https:\/\/supermercadosimpacto.com.br\/wp-content\/uploads\/2022\/12\/oval-100-150x150.png 150w\" alt=\"\" width=\"500\" height=\"500\" \/><\/p>\n<p><img loading=\"lazy\" decoding=\"async\" src=\"http:\/\/supermercadosimpacto.com.br\/wp-content\/uploads\/2021\/10\/marginalia-453@2x.png\" sizes=\"auto, (max-width: 182px) 100vw, 182px\" srcset=\"https:\/\/supermercadosimpacto.com.br\/wp-content\/uploads\/2021\/10\/marginalia-453@2x.png 182w, https:\/\/supermercadosimpacto.com.br\/wp-content\/uploads\/2021\/10\/marginalia-453@2x-163x300.png 163w\" alt=\"\" width=\"182\" height=\"334\" \/><\/p>\n<h5>JORNAL DE OFERTAS<\/h5>\n<h2>Sempre com os Melhores Pre\u00e7os Especialmente Para Voc\u00ea!<\/h2>\n<p>Clique no bot\u00e3o abaixo para conferir todas as ofertas do nosso jornal.<\/p>\n<p>Ofertas semanais<br \/>\nQualidade imbat\u00edvel<br \/>\n<a role=\"button\" href=\"#\"><br \/>\nConfira Agora<br \/>\n<\/a><\/p>\n<h2>Conhe\u00e7a as Nossas Lojas<\/h2>\n<p>Conhe\u00e7a a loja mais pr\u00f3xima de voc\u00ea!<\/p>\n<h2>Formas de Pagamento<\/h2>\n<h4>Cart\u00f5es de D\u00e9bito e Cr\u00e9dito<\/h4>\n<p>Aceitamos as principais bandeiras dos cart\u00f5es de d\u00e9bito e cr\u00e9dito<\/p>\n<h4>Benef\u00edcio Alimenta\u00e7\u00e3o<\/h4>\n<p>Verificar Disponibilidade em Loja<\/p>\n<h4>Outras Formas de Pagamento<\/h4>\n<p>Pix, Aux\u00edlio Brasil e QR Code<\/p>\n<figure><img decoding=\"async\" src=\"http:\/\/supermercadosimpacto.com.br\/wp-content\/uploads\/2022\/12\/formas-pagamento-1.png\" alt=\"formas-pagamento-1\" \/><\/figure>\n<figure><img decoding=\"async\" src=\"http:\/\/supermercadosimpacto.com.br\/wp-content\/uploads\/2022\/12\/formas-pagamento-2.png\" alt=\"Verificar Disponibilidade em Loja\" \/><\/figure>\n<figure><img decoding=\"async\" src=\"http:\/\/supermercadosimpacto.com.br\/wp-content\/uploads\/2022\/12\/formas-pagamento-3.png\" alt=\"formas-pagamento-3\" \/><\/figure>\n<p><a href=\"https:\/\/goo.gl\/maps\/CWA3jVGd5jRjyqHv6\"><br \/>\n<img decoding=\"async\" src=\"http:\/\/supermercadosimpacto.com.br\/wp-content\/uploads\/2022\/12\/Screenshot-2022-12-01-at-10-38-19-Supermercados-Impacto-@impactosupermercados-\u2022-Fotos-e-vi\u0301deos-do-Instagram.png\" alt=\"Screenshot-2022-12-01-at-10-38-19-Supermercados-Impacto-(@impactosupermercados)-\u2022-Fotos-e-vi\u0301deos-do-Instagram\" \/><br \/>\nLoja 8<\/a><\/p>\n<h3>R. Jos\u00e9 Manuel de Almeida, 669 &#8211; Jardim Europa, Vargem Grande Paulista &#8211; SP, 06730-000<\/h3>\n<p>(11) 5199-9218<br \/>\nVer no Mapa<\/p>\n<p><a href=\"https:\/\/goo.gl\/maps\/2qYnAYBdT3DzjtQGA\"><br \/>\n<img decoding=\"async\" src=\"http:\/\/supermercadosimpacto.com.br\/wp-content\/uploads\/2022\/12\/Screenshot-2022-12-01-at-10-38-19-Supermercados-Impacto-@impactosupermercados-\u2022-Fotos-e-vi\u0301deos-do-Instagram.png\" alt=\"Screenshot-2022-12-01-at-10-38-19-Supermercados-Impacto-(@impactosupermercados)-\u2022-Fotos-e-vi\u0301deos-do-Instagram\" \/><br \/>\nLOJA 7 &#8211; ALDEINHA<\/a><\/p>\n<h3>Estrada da Aldeinha, 1448 &#8211; Jardim Marilu, Carapicu\u00edba &#8211; SP, 06343-040<\/h3>\n<p>(11) 4303-1510<br \/>\nVer no Mapa<\/p>\n<p><a href=\"https:\/\/www.google.com\/maps\/place\/Supermercados+Compre+Certo\/@-23.6348584,-46.951598,17z\/data=!3m1!4b1!4m5!3m4!1s0x94cfa839dfb4e415:0x3ee05bee5857c0fe!8m2!3d-23.6348584!4d-46.951598\" target=\"_blank\" rel=\"noopener\"><br \/>\n<img decoding=\"async\" src=\"http:\/\/supermercadosimpacto.com.br\/wp-content\/uploads\/2022\/12\/Screenshot-2022-12-01-at-10-38-19-Supermercados-Impacto-@impactosupermercados-\u2022-Fotos-e-vi\u0301deos-do-Instagram.png\" alt=\"Screenshot-2022-12-01-at-10-38-19-Supermercados-Impacto-(@impactosupermercados)-\u2022-Fotos-e-vi\u0301deos-do-Instagram\" \/><br \/>\nCotia<\/a><\/p>\n<h3>Estr. dos Fischer&#8217;s, 1586-1632 &#8211; Jardim Sandra, Cotia &#8211; SP, 06722-050<\/h3>\n<p>(11) 4148-1806<br \/>\nVer no Mapa<\/p>\n<p><a href=\"https:\/\/goo.gl\/maps\/cTfAb4mJeNaiB6ta9\" target=\"_blank\" rel=\"noopener\"><br \/>\n<img decoding=\"async\" src=\"http:\/\/supermercadosimpacto.com.br\/wp-content\/uploads\/2022\/12\/Screenshot-2022-12-01-at-10-38-19-Supermercados-Impacto-@impactosupermercados-\u2022-Fotos-e-vi\u0301deos-do-Instagram.png\" alt=\"Screenshot-2022-12-01-at-10-38-19-Supermercados-Impacto-(@impactosupermercados)-\u2022-Fotos-e-vi\u0301deos-do-Instagram\" \/><br \/>\nLoja 5 -\u00edsis Morro Grande<\/a><\/p>\n<h3>Estr. Morro Grande, 1450 &#8211; Jardim Isis, Cotia &#8211; SP, 06720-150<\/h3>\n<p>(11) 4148-1806<br \/>\nVer no Mapa<\/p>\n<p><a href=\"https:\/\/goo.gl\/maps\/3UQ92VoXepbZQGiY6\" target=\"_blank\" rel=\"noopener\"><br \/>\n<img decoding=\"async\" src=\"http:\/\/supermercadosimpacto.com.br\/wp-content\/uploads\/2022\/12\/Screenshot-2022-12-01-at-10-38-19-Supermercados-Impacto-@impactosupermercados-\u2022-Fotos-e-vi\u0301deos-do-Instagram.png\" alt=\"Screenshot-2022-12-01-at-10-38-19-Supermercados-Impacto-(@impactosupermercados)-\u2022-Fotos-e-vi\u0301deos-do-Instagram\" \/><br \/>\nLoja 4 &#8211; Ibi\u00fana<\/a><\/p>\n<h3>Av. Nossa Sra. do Carmo, 2058 &#8211; Ibi\u00fana, SP, 18150-000<\/h3>\n<p>(15) 3394-2191<br \/>\nVer no Mapa<\/p>\n<p><a href=\"https:\/\/goo.gl\/maps\/eCPy3663MEtEZBc1A\"><br \/>\n<img decoding=\"async\" src=\"http:\/\/supermercadosimpacto.com.br\/wp-content\/uploads\/2023\/06\/WhatsApp-Image-2023-06-09-at-09.16.31.jpeg\" alt=\"WhatsApp Image 2023-06-09 at 09.16.31\" \/><br \/>\nLojas<\/a><\/p>\n<h3>LOJA 1 &#8211; MIRANTE<\/h3>\n<p>R. Vicente Celestino, 183 &#8211; Parque Mirante da Mata, Cotia &#8211; SP, 06720-130<\/p>\n<h2>Nossos Parceiros<\/h2>\n<p><img decoding=\"async\" src=\"http:\/\/supermercadosimpacto.com.br\/wp-content\/uploads\/2022\/12\/photo_2022-12-01_16-19-31-150x150.png\" alt=\"photo_2022-12-01_16-19-31\" \/><br \/>\n<img decoding=\"async\" src=\"http:\/\/supermercadosimpacto.com.br\/wp-content\/uploads\/2022\/12\/photo_2022-12-01_16-19-33-150x150.png\" alt=\"photo_2022-12-01_16-19-33\" \/><br \/>\n<img decoding=\"async\" src=\"http:\/\/supermercadosimpacto.com.br\/wp-content\/uploads\/2022\/12\/photo_2022-12-01_16-19-34-150x150.png\" alt=\"photo_2022-12-01_16-19-34\" \/><br \/>\n<img decoding=\"async\" src=\"http:\/\/supermercadosimpacto.com.br\/wp-content\/uploads\/2022\/12\/photo_2022-12-01_16-19-37-150x150.png\" alt=\"photo_2022-12-01_16-19-37\" \/><br \/>\n<img decoding=\"async\" src=\"http:\/\/supermercadosimpacto.com.br\/wp-content\/uploads\/2022\/12\/photo_2022-12-01_16-19-39-150x150.png\" alt=\"photo_2022-12-01_16-19-39\" \/><\/p>\n","protected":false},"excerpt":{"rendered":"<p>AS MELHORES OFERTAS EST\u00c3O AQUI ARRAI\u00c1 DA ECONOMIA IMPACTO Aqui Voc\u00ea Economiza de Verdade! Nossas Lojas Super Ofertas Quarta do A\u00e7ougue e o Hortifruti Final de Semana de Ofertas Imbat\u00edveis JORNAL DE OFERTAS Sempre com os Melhores Pre\u00e7os Especialmente Para Voc\u00ea! Clique no bot\u00e3o abaixo para conferir todas as ofertas do nosso jornal. Ofertas semanais [&hellip;]<\/p>\n","protected":false},"author":1,"featured_media":0,"parent":0,"menu_order":0,"comment_status":"closed","ping_status":"closed","template":"","meta":{"inline_featured_image":false,"footnotes":""},"class_list":["post-10817","page","type-page","status-publish","hentry","post-no-thumbnail"],"yoast_head":"<!-- This site is optimized with the Yoast SEO plugin v19.7.1 - https:\/\/yoast.com\/wordpress\/plugins\/seo\/ -->\n<title>Home Coworking - Supermercados Impacto<\/title>\n<meta name=\"robots\" content=\"index, follow, max-snippet:-1, max-image-preview:large, max-video-preview:-1\" \/>\n<link rel=\"canonical\" href=\"https:\/\/supermercadosimpacto.com.br\/\" \/>\n<meta property=\"og:locale\" content=\"pt_BR\" \/>\n<meta property=\"og:type\" content=\"article\" \/>\n<meta property=\"og:title\" content=\"Home Coworking - Supermercados Impacto\" \/>\n<meta property=\"og:description\" content=\"AS MELHORES OFERTAS EST\u00c3O AQUI ARRAI\u00c1 DA ECONOMIA IMPACTO Aqui Voc\u00ea Economiza de Verdade! Nossas Lojas Super Ofertas Quarta do A\u00e7ougue e o Hortifruti Final de Semana de Ofertas Imbat\u00edveis JORNAL DE OFERTAS Sempre com os Melhores Pre\u00e7os Especialmente Para Voc\u00ea! Clique no bot\u00e3o abaixo para conferir todas as ofertas do nosso jornal. Ofertas semanais [&hellip;]\" \/>\n<meta property=\"og:url\" content=\"https:\/\/supermercadosimpacto.com.br\/\" \/>\n<meta property=\"og:site_name\" content=\"Supermercados Impacto\" \/>\n<meta property=\"article:modified_time\" content=\"2024-06-06T13:06:40+00:00\" \/>\n<meta property=\"og:image\" content=\"http:\/\/supermercadosimpacto.com.br\/wp-content\/uploads\/2024\/06\/arraia-logo-site-1-300x300.png\" \/>\n<meta name=\"twitter:card\" content=\"summary_large_image\" \/>\n<meta name=\"twitter:label1\" content=\"Est. tempo de leitura\" \/>\n\t<meta name=\"twitter:data1\" content=\"11 minutos\" \/>\n<script type=\"application\/ld+json\" class=\"yoast-schema-graph\">{\"@context\":\"https:\/\/schema.org\",\"@graph\":[{\"@type\":\"WebPage\",\"@id\":\"https:\/\/supermercadosimpacto.com.br\/\",\"url\":\"https:\/\/supermercadosimpacto.com.br\/\",\"name\":\"Home Coworking - Supermercados Impacto\",\"isPartOf\":{\"@id\":\"https:\/\/supermercadosimpacto.com.br\/#website\"},\"datePublished\":\"2021-09-30T12:10:08+00:00\",\"dateModified\":\"2024-06-06T13:06:40+00:00\",\"breadcrumb\":{\"@id\":\"https:\/\/supermercadosimpacto.com.br\/#breadcrumb\"},\"inLanguage\":\"pt-BR\",\"potentialAction\":[{\"@type\":\"ReadAction\",\"target\":[\"https:\/\/supermercadosimpacto.com.br\/\"]}]},{\"@type\":\"BreadcrumbList\",\"@id\":\"https:\/\/supermercadosimpacto.com.br\/#breadcrumb\",\"itemListElement\":[{\"@type\":\"ListItem\",\"position\":1,\"name\":\"In\u00edcio\",\"item\":\"https:\/\/supermercadosimpacto.com.br\/\"},{\"@type\":\"ListItem\",\"position\":2,\"name\":\"Home Coworking\"}]},{\"@type\":\"WebSite\",\"@id\":\"https:\/\/supermercadosimpacto.com.br\/#website\",\"url\":\"https:\/\/supermercadosimpacto.com.br\/\",\"name\":\"Supermercados Impacto\",\"description\":\"Startup &amp; SaaS WordPress Theme\",\"potentialAction\":[{\"@type\":\"SearchAction\",\"target\":{\"@type\":\"EntryPoint\",\"urlTemplate\":\"https:\/\/supermercadosimpacto.com.br\/?s={search_term_string}\"},\"query-input\":\"required name=search_term_string\"}],\"inLanguage\":\"pt-BR\"}]}<\/script>\n<!-- \/ Yoast SEO plugin. -->","yoast_head_json":{"title":"Home Coworking - Supermercados Impacto","robots":{"index":"index","follow":"follow","max-snippet":"max-snippet:-1","max-image-preview":"max-image-preview:large","max-video-preview":"max-video-preview:-1"},"canonical":"https:\/\/supermercadosimpacto.com.br\/","og_locale":"pt_BR","og_type":"article","og_title":"Home Coworking - Supermercados Impacto","og_description":"AS MELHORES OFERTAS EST\u00c3O AQUI ARRAI\u00c1 DA ECONOMIA IMPACTO Aqui Voc\u00ea Economiza de Verdade! Nossas Lojas Super Ofertas Quarta do A\u00e7ougue e o Hortifruti Final de Semana de Ofertas Imbat\u00edveis JORNAL DE OFERTAS Sempre com os Melhores Pre\u00e7os Especialmente Para Voc\u00ea! Clique no bot\u00e3o abaixo para conferir todas as ofertas do nosso jornal. Ofertas semanais [&hellip;]","og_url":"https:\/\/supermercadosimpacto.com.br\/","og_site_name":"Supermercados Impacto","article_modified_time":"2024-06-06T13:06:40+00:00","og_image":[{"url":"http:\/\/supermercadosimpacto.com.br\/wp-content\/uploads\/2024\/06\/arraia-logo-site-1-300x300.png"}],"twitter_card":"summary_large_image","twitter_misc":{"Est. tempo de leitura":"11 minutos"},"schema":{"@context":"https:\/\/schema.org","@graph":[{"@type":"WebPage","@id":"https:\/\/supermercadosimpacto.com.br\/","url":"https:\/\/supermercadosimpacto.com.br\/","name":"Home Coworking - Supermercados Impacto","isPartOf":{"@id":"https:\/\/supermercadosimpacto.com.br\/#website"},"datePublished":"2021-09-30T12:10:08+00:00","dateModified":"2024-06-06T13:06:40+00:00","breadcrumb":{"@id":"https:\/\/supermercadosimpacto.com.br\/#breadcrumb"},"inLanguage":"pt-BR","potentialAction":[{"@type":"ReadAction","target":["https:\/\/supermercadosimpacto.com.br\/"]}]},{"@type":"BreadcrumbList","@id":"https:\/\/supermercadosimpacto.com.br\/#breadcrumb","itemListElement":[{"@type":"ListItem","position":1,"name":"In\u00edcio","item":"https:\/\/supermercadosimpacto.com.br\/"},{"@type":"ListItem","position":2,"name":"Home Coworking"}]},{"@type":"WebSite","@id":"https:\/\/supermercadosimpacto.com.br\/#website","url":"https:\/\/supermercadosimpacto.com.br\/","name":"Supermercados Impacto","description":"Startup &amp; SaaS WordPress Theme","potentialAction":[{"@type":"SearchAction","target":{"@type":"EntryPoint","urlTemplate":"https:\/\/supermercadosimpacto.com.br\/?s={search_term_string}"},"query-input":"required name=search_term_string"}],"inLanguage":"pt-BR"}]}},"_links":{"self":[{"href":"https:\/\/supermercadosimpacto.com.br\/index.php?rest_route=\/wp\/v2\/pages\/10817","targetHints":{"allow":["GET"]}}],"collection":[{"href":"https:\/\/supermercadosimpacto.com.br\/index.php?rest_route=\/wp\/v2\/pages"}],"about":[{"href":"https:\/\/supermercadosimpacto.com.br\/index.php?rest_route=\/wp\/v2\/types\/page"}],"author":[{"embeddable":true,"href":"https:\/\/supermercadosimpacto.com.br\/index.php?rest_route=\/wp\/v2\/users\/1"}],"replies":[{"embeddable":true,"href":"https:\/\/supermercadosimpacto.com.br\/index.php?rest_route=%2Fwp%2Fv2%2Fcomments&post=10817"}],"version-history":[{"count":165,"href":"https:\/\/supermercadosimpacto.com.br\/index.php?rest_route=\/wp\/v2\/pages\/10817\/revisions"}],"predecessor-version":[{"id":18133,"href":"https:\/\/supermercadosimpacto.com.br\/index.php?rest_route=\/wp\/v2\/pages\/10817\/revisions\/18133"}],"wp:attachment":[{"href":"https:\/\/supermercadosimpacto.com.br\/index.php?rest_route=%2Fwp%2Fv2%2Fmedia&parent=10817"}],"curies":[{"name":"wp","href":"https:\/\/api.w.org\/{rel}","templated":true}]}}